{"id":24,"date":"2024-06-02T20:31:58","date_gmt":"2024-06-02T18:31:58","guid":{"rendered":"https:\/\/www.avisperugia.it\/newsite\/?page_id=24"},"modified":"2024-06-03T20:16:06","modified_gmt":"2024-06-03T18:16:06","slug":"contatti","status":"publish","type":"page","link":"https:\/\/www.avisperugia.it\/newsite\/contatti\/","title":{"rendered":"Contatti"},"content":{"rendered":"\n<p><\/p>\n\n\n\n<div class=\"wp-block-columns is-layout-flex wp-container-core-columns-is-layout-9d6595d7 wp-block-columns-is-layout-flex\">\n<div class=\"wp-block-column is-layout-flow wp-block-column-is-layout-flow\">\n<h2 class=\"wp-block-heading\">Segreteria<\/h2>\n\n\n\n<p>La segreteria \u00e8 attiva dal Luned\u00ec al Venerd\u00ec dalle 09.30 alle 18.00.<\/p>\n\n\n\n<p>Un incaricato \u00e8 sempre disponibile a darvi tutte le informazioni, chiarendo i vostri dubbi.<\/p>\n\n\n\n<p>E\u2019 possibile contattarci ai seguenti recapiti<\/p>\n\n\n\n<ul class=\"wp-block-list\">\n<li><strong>3472492230<\/strong><\/li>\n\n\n\n<li><strong>3357908343<\/strong><\/li>\n\n\n\n<li><strong>0755270347<\/strong><\/li>\n\n\n\n<li>prenotazioni.comunaleperugia@avis.it<\/li>\n<\/ul>\n<\/div>\n\n\n\n<div class=\"wp-block-column is-layout-flow wp-block-column-is-layout-flow\">\n<\/p><link href=\"https:\/\/www.avisperugia.it\/newsite\/wp-content\/plugins\/cp-contact-form-with-paypal\/css\/stylepublic.css\" type=\"text\/css\" rel=\"stylesheet\" \/><link href=\"https:\/\/www.avisperugia.it\/newsite\/wp-content\/plugins\/cp-contact-form-with-paypal\/css\/cupertino\/jquery-ui-1.8.20.custom.css\" type=\"text\/css\" rel=\"stylesheet\" \/>\n<script type=\"text\/javascript\">\n function cp_contactformpp_cerror(id){$dexQuery = jQuery.noConflict();$dexQuery(\"#hdcaptcha_error\"+id).css('top',$dexQuery(\"#hdcaptcha\"+id).outerHeight());$dexQuery(\"#hdcaptcha_error\"+id).css(\"display\",\"inline\");}\n function doValidate_1(form)\n {\n    $dexQuery = jQuery.noConflict();\n    document.cp_contactformpp_pform_1.cp_ref_page.value = document.location;\n     if ($dexQuery(\"#hdcaptcha_cp_contact_form_paypal_post_1\").val() == '')\n    {\n        setTimeout( \"cp_contactformpp_cerror('_1')\", 100);\n        return false;\n    }\n    var result = $dexQuery.ajax({\n        type: \"GET\",\n        url: \"\/newsite?ps=_1\"+String.fromCharCode(38)+\"inAdmin=1\"+String.fromCharCode(38)+\"cp_contactformpp_id=3\"+String.fromCharCode(38)+\"hdcaptcha_cp_contact_form_paypal_post=\"+$dexQuery(\"#hdcaptcha_cp_contact_form_paypal_post_1\").val(),\n        async: false\n    }).responseText;\n    if (result.indexOf(\"captchafailed\") != -1)\n    {        \n        $dexQuery(\"#captchaimg_1\").attr('src', $dexQuery(\"#captchaimg_1\").attr('src')+'&r='+Math.floor((Math.random() * 100) + 1));\n        setTimeout( \"cp_contactformpp_cerror('_1')\", 100);\n        return false;\n    }\n    else     {\n        var cpefb_error = 0;\n        $dexQuery(\"#cp_contactformpp_pform_1\").find(\".cpefb_error\").each(function(index){\n            if ($dexQuery(this).css(\"display\")!=\"none\")\n                cpefb_error++;    \n            });\n        if (cpefb_error==0)\n        {\n            $dexQuery(\"#cp_contactformpp_pform_1\").find(\"select\").children().each(function(){\n\t\t    \t    $dexQuery(this).val($dexQuery(this).attr(\"vt\"));\n\t        });\n\t        $dexQuery(\"#cp_contactformpp_pform_1\").find(\"input:checkbox,input:radio\").each(function(){\t            \n\t\t    \t    $dexQuery(this).val($dexQuery(this).attr(\"vt\"));\n\t        });\n\t\t\t$dexQuery(\"#cp_contactformpp_pform_1\").find( '.ignore' ).parents( '.fields' ).remove();\n\t\t}\n\t\tdocument.getElementById(\"form_structure_1\").value = '';\n        return true;\n    }  \n }\n<\/script>\n<form class=\"cpp_form\" name=\"cp_contactformpp_pform_1\" id=\"cp_contactformpp_pform_1\" action=\"\" method=\"post\" enctype=\"multipart\/form-data\" onsubmit=\"return doValidate_1(this);\"><input type=\"hidden\" name=\"cp_pform_psequence\" value=\"_1\" \/><input type=\"hidden\" name=\"cp_contactformpp_pform_process\" value=\"1\" \/><input type=\"hidden\" name=\"cp_contactformpp_id\" value=\"3\" \/><input type=\"hidden\" name=\"cp_ref_page\" value=\"\" \/><input type=\"hidden\" name=\"form_structure_1\" id=\"form_structure_1\" size=\"180\" value=\"[[{&quot;form_identifier&quot;:&quot;&quot;,&quot;name&quot;:&quot;fieldname1&quot;,&quot;shortlabel&quot;:&quot;&quot;,&quot;index&quot;:0,&quot;ftype&quot;:&quot;ftext&quot;,&quot;userhelp&quot;:&quot;&quot;,&quot;userhelpTooltip&quot;:false,&quot;csslayout&quot;:&quot;&quot;,&quot;title&quot;:&quot;Cognome e nome&quot;,&quot;predefined&quot;:&quot;&quot;,&quot;predefinedClick&quot;:false,&quot;required&quot;:true,&quot;size&quot;:&quot;medium&quot;,&quot;minlength&quot;:&quot;3&quot;,&quot;maxlength&quot;:&quot;20&quot;,&quot;equalTo&quot;:&quot;&quot;,&quot;fBuild&quot;:{}},{&quot;form_identifier&quot;:&quot;&quot;,&quot;name&quot;:&quot;email&quot;,&quot;shortlabel&quot;:&quot;&quot;,&quot;index&quot;:1,&quot;ftype&quot;:&quot;femail&quot;,&quot;userhelp&quot;:&quot;&quot;,&quot;userhelpTooltip&quot;:false,&quot;csslayout&quot;:&quot;&quot;,&quot;title&quot;:&quot;Email&quot;,&quot;predefined&quot;:&quot;&quot;,&quot;predefinedClick&quot;:false,&quot;required&quot;:true,&quot;size&quot;:&quot;medium&quot;,&quot;equalTo&quot;:&quot;&quot;,&quot;fBuild&quot;:{}},{&quot;form_identifier&quot;:&quot;&quot;,&quot;name&quot;:&quot;fieldname9&quot;,&quot;shortlabel&quot;:&quot;&quot;,&quot;index&quot;:2,&quot;ftype&quot;:&quot;ftext&quot;,&quot;userhelp&quot;:&quot;&quot;,&quot;userhelpTooltip&quot;:false,&quot;csslayout&quot;:&quot;&quot;,&quot;title&quot;:&quot;Oggetto del messaggio&quot;,&quot;predefined&quot;:&quot;&quot;,&quot;predefinedClick&quot;:false,&quot;required&quot;:true,&quot;size&quot;:&quot;medium&quot;,&quot;minlength&quot;:&quot;&quot;,&quot;maxlength&quot;:&quot;&quot;,&quot;equalTo&quot;:&quot;&quot;,&quot;fBuild&quot;:{}},{&quot;form_identifier&quot;:&quot;&quot;,&quot;name&quot;:&quot;message&quot;,&quot;shortlabel&quot;:&quot;&quot;,&quot;index&quot;:3,&quot;ftype&quot;:&quot;ftextarea&quot;,&quot;userhelp&quot;:&quot;&quot;,&quot;userhelpTooltip&quot;:false,&quot;csslayout&quot;:&quot;&quot;,&quot;title&quot;:&quot;Messaggio&quot;,&quot;predefined&quot;:&quot;&quot;,&quot;predefinedClick&quot;:false,&quot;required&quot;:true,&quot;size&quot;:&quot;large&quot;,&quot;minlength&quot;:&quot;3&quot;,&quot;maxlength&quot;:&quot;200&quot;,&quot;rows&quot;:&quot;4&quot;,&quot;fBuild&quot;:{}},{&quot;form_identifier&quot;:&quot;&quot;,&quot;name&quot;:&quot;fieldname13&quot;,&quot;shortlabel&quot;:&quot;&quot;,&quot;index&quot;:4,&quot;ftype&quot;:&quot;fCommentArea&quot;,&quot;userhelp&quot;:&quot;La liceit\u00e0 del trattamento dei dati personali si fonda sulla necessit\u00e0 di dare esecuzione ad un contratto di cui l\u2019utente \u00e8 parte o all\u2019esecuzione di misure precontrattuali adottate su richiesta dello stesso (art. 6.1 lettera b) del Regolamento) &lt;br \/&gt;oppure si fonda sulla necessit\u00e0 di perseguire il legittimo interesse&lt;br \/&gt; del titolare (articolo 6.1 lettera f) del Regolamento) che consiste nel dare riscontro alle richieste pervenute \u2013 cos\u00ec come indicato nell\u2019informativa - &lt;br \/&gt;Sezioni \u201cDiventa donatore\u201d, \u201cPrenota\u201d e \u201cContatti\u201d disponibile al link https:\/\/www.avisperugia.it\/newsite\/cookie-policy\/&quot;,&quot;userhelpTooltip&quot;:false,&quot;csslayout&quot;:&quot;&quot;,&quot;title&quot;:&quot;&quot;,&quot;fBuild&quot;:{}},{&quot;form_identifier&quot;:&quot;&quot;,&quot;name&quot;:&quot;fieldname11&quot;,&quot;shortlabel&quot;:&quot;&quot;,&quot;index&quot;:5,&quot;ftype&quot;:&quot;fradio&quot;,&quot;userhelp&quot;:&quot;&quot;,&quot;userhelpTooltip&quot;:false,&quot;csslayout&quot;:&quot;&quot;,&quot;title&quot;:&quot;Acconsento all\u2019invio di materiale informativo dell\u2019Associazione.&quot;,&quot;layout&quot;:&quot;two_column&quot;,&quot;required&quot;:true,&quot;choiceSelected&quot;:&quot;&quot;,&quot;showDep&quot;:false,&quot;choices&quot;:[&quot;Acconsento&quot;,&quot;Non acconsento&quot;],&quot;choicesVal&quot;:[&quot;Acconsento&quot;,&quot;Non acconsento&quot;],&quot;choicesDep&quot;:[[],[]],&quot;fBuild&quot;:{}},{&quot;form_identifier&quot;:&quot;&quot;,&quot;name&quot;:&quot;fieldname12&quot;,&quot;shortlabel&quot;:&quot;&quot;,&quot;index&quot;:6,&quot;ftype&quot;:&quot;fcheck&quot;,&quot;userhelp&quot;:&quot;&quot;,&quot;userhelpTooltip&quot;:false,&quot;csslayout&quot;:&quot;&quot;,&quot;title&quot;:&quot;Visione informativa:&quot;,&quot;layout&quot;:&quot;one_column&quot;,&quot;required&quot;:true,&quot;showDep&quot;:false,&quot;choices&quot;:[&quot;Dichiaro di aver preso visione dell&#039;informativa.&quot;],&quot;choicesVal&quot;:[&quot;Dichiaro di aver preso visione dell&#039;informativa.&quot;],&quot;choiceSelected&quot;:[false],&quot;choicesDep&quot;:[[]],&quot;fBuild&quot;:{}}],[{&quot;title&quot;:&quot;&quot;,&quot;description&quot;:&quot;&quot;,&quot;formlayout&quot;:&quot;top_aligned&quot;,&quot;formtemplate&quot;:&quot;&quot;,&quot;evalequations&quot;:1,&quot;autocomplete&quot;:1}]]\" \/>\n<div id=\"fbuilder\">\n  <div id=\"fbuilder_1\">\n      <div id=\"formheader_1\"><\/div>\n      <div id=\"fieldlist_1\"><\/div>\n  <\/div>\n<\/div>    \n<div id=\"cpcaptchalayer_1\">\n  \n  <br \/>Inserire un codice di sicurezza.:<br \/>\n  <img decoding=\"async\" src=\"\/newsite\/?cp_contactformpp=captcha&ps=_1&inAdmin=1&width=180&height=60&letter_count=5&min_size=25&max_size=35&noise=200&noiselength=4&bcolor=ffffff&border=000000&font=font-1.ttf\"  id=\"captchaimg_1\" alt=\"security code\" border=\"0\"  \/>\n  <br \/>\n  Codice di sicurezza:<br \/>\n  <div class=\"dfield\">\n  <input type=\"text\" size=\"20\" name=\"hdcaptcha_cp_contact_form_paypal_post\" id=\"hdcaptcha_cp_contact_form_paypal_post_1\" value=\"\" \/>\n  <div class=\"error cpefb_error message\" id=\"hdcaptcha_error_1\" generated=\"true\" style=\"display:none;position: absolute; left: 0px; top: 25px;\">Please enter the captcha verification code.<\/div>\n  <\/div>\n  <br \/>\n<\/div>\n<div id=\"cp_subbtn_1\" class=\"cp_subbtn\">Invia<\/div>\n<\/form>\n<\/div>\n<\/div>\n","protected":false},"excerpt":{"rendered":"<p>Segreteria La segreteria \u00e8 attiva dal Luned\u00ec al Venerd\u00ec dalle 09.30 alle 18.00. Un incaricato \u00e8 sempre disponibile a darvi tutte le informazioni, chiarendo i vostri dubbi. E\u2019 possibile contattarci ai seguenti recapiti<\/p>\n","protected":false},"author":1,"featured_media":0,"parent":0,"menu_order":0,"comment_status":"closed","ping_status":"closed","template":"","meta":{"footnotes":""},"class_list":["post-24","page","type-page","status-publish","hentry"],"_links":{"self":[{"href":"https:\/\/www.avisperugia.it\/newsite\/wp-json\/wp\/v2\/pages\/24","targetHints":{"allow":["GET"]}}],"collection":[{"href":"https:\/\/www.avisperugia.it\/newsite\/wp-json\/wp\/v2\/pages"}],"about":[{"href":"https:\/\/www.avisperugia.it\/newsite\/wp-json\/wp\/v2\/types\/page"}],"author":[{"embeddable":true,"href":"https:\/\/www.avisperugia.it\/newsite\/wp-json\/wp\/v2\/users\/1"}],"replies":[{"embeddable":true,"href":"https:\/\/www.avisperugia.it\/newsite\/wp-json\/wp\/v2\/comments?post=24"}],"version-history":[{"count":3,"href":"https:\/\/www.avisperugia.it\/newsite\/wp-json\/wp\/v2\/pages\/24\/revisions"}],"predecessor-version":[{"id":152,"href":"https:\/\/www.avisperugia.it\/newsite\/wp-json\/wp\/v2\/pages\/24\/revisions\/152"}],"wp:attachment":[{"href":"https:\/\/www.avisperugia.it\/newsite\/wp-json\/wp\/v2\/media?parent=24"}],"curies":[{"name":"wp","href":"https:\/\/api.w.org\/{rel}","templated":true}]}}