{"id":16,"date":"2024-06-02T20:19:44","date_gmt":"2024-06-02T18:19:44","guid":{"rendered":"https:\/\/www.avisperugia.it\/newsite\/?page_id=16"},"modified":"2024-06-02T20:19:44","modified_gmt":"2024-06-02T18:19:44","slug":"cose-avis","status":"publish","type":"page","link":"https:\/\/www.avisperugia.it\/newsite\/cose-avis\/","title":{"rendered":"Cos&#8217;\u00e8 AVIS"},"content":{"rendered":"\n<figure class=\"wp-block-embed is-type-video is-provider-youtube wp-block-embed-youtube wp-embed-aspect-16-9 wp-has-aspect-ratio\"><div class=\"wp-block-embed__wrapper\">\n<iframe loading=\"lazy\" title=\"AVIS - Chi siamo\" width=\"1170\" height=\"658\" src=\"https:\/\/www.youtube.com\/embed\/HdWlR6EJBXs?feature=oembed\" frameborder=\"0\" allow=\"accelerometer; autoplay; clipboard-write; encrypted-media; gyroscope; picture-in-picture; web-share\" referrerpolicy=\"strict-origin-when-cross-origin\" allowfullscreen><\/iframe>\n<\/div><\/figure>\n\n\n\n<p>AVIS (<em>Associazione Volontari Italiani del Sangue<\/em>) \u00e8 un\u2019associazione privata,\u00a0<strong>senza scopo di lucro<\/strong>, che persegue un fine di interesse pubblico:\u00a0<strong>garantire un\u2019adeguata disponibilit\u00e0 di sangue e dei suoi emocomponenti a tutti i pazienti che ne abbiano necessit\u00e0<\/strong>, attraverso la promozione del dono, la chiamata dei donatori e in alcuni casi anche la raccolta diretta di sangue, d\u2019intesa con le strutture ospedaliere pubbliche.<\/p>\n\n\n\n<p>Fonda la sua attivit\u00e0 sui principi della democrazia, della libera partecipazione sociale e sul volontariato, quale elemento centrale e insostituibile di solidariet\u00e0 umana.Vi aderiscono tutti coloro che hanno intenzione di donare volontariamente, anonimamente, periodicamente e gratuitamente il proprio sangue, ma anche chi, non potendo compiere questo gesto perch\u00e9 non idoneo, desideri collaborare gratuitamente a tutte le attivit\u00e0 di promozione e organizzazione.<\/p>\n\n\n\n<p>Oggi \u00e8 la pi\u00f9 grande organizzazione di volontariato del sangue italiana che, grazie ai suoi associati, riesce a garantire circa l\u201980% del fabbisogno nazionale di sangue. In questo modo AVIS afferma il ruolo centrale del donatore di sangue, quale promotore di un primario servizio socio-sanitario nel sistema trasfusionale e sanitario italiano.<\/p>\n\n\n\n<p>AVIS opera su tutto il territorio nazionale, in armonia con il Servizio Sanitario Nazionale e le istituzioni sanitarie per raggiungere l\u2019autosufficienza di sangue, emocomponenti e plasma derivati, in condizioni di qualit\u00e0 e sicurezza sia per chi dona che per chi riceve.&nbsp;&nbsp;&nbsp;&nbsp;&nbsp;&nbsp;&nbsp;&nbsp;&nbsp;&nbsp;&nbsp;&nbsp;&nbsp;&nbsp;&nbsp;&nbsp;&nbsp;&nbsp;&nbsp;&nbsp;&nbsp;&nbsp;&nbsp;&nbsp;&nbsp;&nbsp;&nbsp;&nbsp;&nbsp;&nbsp;&nbsp;&nbsp;&nbsp;&nbsp;&nbsp;&nbsp;&nbsp;&nbsp;&nbsp;&nbsp;&nbsp;&nbsp;&nbsp;&nbsp;&nbsp;&nbsp;&nbsp;&nbsp; Insieme a questi obiettivi, AVIS persegue altri scopi fondamentali quali:<\/p>\n\n\n\n<ul class=\"wp-block-list\">\n<li>garantire i massimi livelli di sicurezza trasfusionale e la promozione del buon utilizzo del sangue;<\/li>\n\n\n\n<li>tutelare il diritto alla salute dei donatori e di coloro che hanno necessit\u00e0 di essere sottoposti a terapia trasfusionale;<\/li>\n\n\n\n<li>promuovere l\u2019informazione e l\u2019educazione sanitaria dei cittadini;<\/li>\n\n\n\n<li>promuovere lo sviluppo del volontariato e dell\u2019associazionismo;<\/li>\n\n\n\n<li>promuovere e partecipare a programmi di cooperazione internazionale.<\/li>\n<\/ul>\n\n\n\n<p>In sintesi, AVIS con i suoi volontari esprime nella societ\u00e0 una forza positiva che si realizza appieno con la donazione di sangue ma non si esaurisce con questa, contribuendo a diffondere la cultura della gratuit\u00e0 e del dono, di stili di vita sani e positivi, dello sviluppo della societ\u00e0 civile per il bene comune ed a sostenere la ricerca scientifica. Nel conseguimento di tutti questi obiettivi, AVIS pu\u00f2 contare sulla collaborazione delle pi\u00f9 importanti e prestigiose istituzioni nazionali e di soggetti privati con cui ha stipulato accordi di collaborazione e protocolli d\u2019intesa.<\/p>\n\n\n\n<p>In Italia su 56 milioni di cittadini, dei quali almeno la met\u00e0 potrebbe donare sangue (per et\u00e0 e per requisiti di salute), solo 1.300.000 \u00e8 donatore di sangue. I soci totali di Avis Comunale di Perugia al 31 Dicembre 2017 sono 4.930 e le donazioni totali effettuate nel 2017 si aggirano intorno alle 5.600. Con la donazione di sangue si pone in atto, verso se stessi, una puntuale e periodica pratica di prevenzione della salute. Non si ricorre a controlli medici quando sono evidenti i sintomi di qualche malattia, bens\u00ec periodicamente in occasione della donazione quando non ci sono sospetti e non si evidenziano segni di eventuali malattie.I donatori di sangue sono, tra i cittadini, coloro a cui viene offerta gratuitamente una diagnosi precoce ed un eventuale trattamento tempestivo ed efficace della malattia.<\/p>\n","protected":false},"excerpt":{"rendered":"<p>AVIS (Associazione Volontari Italiani del Sangue) \u00e8 un\u2019associazione privata,\u00a0senza scopo di lucro, che persegue un fine di interesse pubblico:\u00a0garantire un\u2019adeguata disponibilit\u00e0 di sangue e dei suoi emocomponenti a tutti i pazienti che ne abbiano necessit\u00e0, attraverso la promozione del dono, la chiamata dei donatori e in alcuni casi anche la raccolta diretta di sangue, d\u2019intesa [&hellip;]<\/p>\n","protected":false},"author":1,"featured_media":0,"parent":0,"menu_order":0,"comment_status":"closed","ping_status":"closed","template":"","meta":{"footnotes":""},"class_list":["post-16","page","type-page","status-publish","hentry"],"_links":{"self":[{"href":"https:\/\/www.avisperugia.it\/newsite\/wp-json\/wp\/v2\/pages\/16","targetHints":{"allow":["GET"]}}],"collection":[{"href":"https:\/\/www.avisperugia.it\/newsite\/wp-json\/wp\/v2\/pages"}],"about":[{"href":"https:\/\/www.avisperugia.it\/newsite\/wp-json\/wp\/v2\/types\/page"}],"author":[{"embeddable":true,"href":"https:\/\/www.avisperugia.it\/newsite\/wp-json\/wp\/v2\/users\/1"}],"replies":[{"embeddable":true,"href":"https:\/\/www.avisperugia.it\/newsite\/wp-json\/wp\/v2\/comments?post=16"}],"version-history":[{"count":1,"href":"https:\/\/www.avisperugia.it\/newsite\/wp-json\/wp\/v2\/pages\/16\/revisions"}],"predecessor-version":[{"id":17,"href":"https:\/\/www.avisperugia.it\/newsite\/wp-json\/wp\/v2\/pages\/16\/revisions\/17"}],"wp:attachment":[{"href":"https:\/\/www.avisperugia.it\/newsite\/wp-json\/wp\/v2\/media?parent=16"}],"curies":[{"name":"wp","href":"https:\/\/api.w.org\/{rel}","templated":true}]}}