{"id":123,"date":"2024-06-03T18:15:09","date_gmt":"2024-06-03T16:15:09","guid":{"rendered":"https:\/\/www.avisperugia.it\/newsite\/?page_id=123"},"modified":"2024-06-03T18:15:09","modified_gmt":"2024-06-03T16:15:09","slug":"la-donazione","status":"publish","type":"page","link":"https:\/\/www.avisperugia.it\/newsite\/la-donazione\/","title":{"rendered":"La donazione"},"content":{"rendered":"\n<p><strong>\u00c8 la procedura attraverso la quale viene prelevato il sangue intero dal donatore idoneo alla donazione, secondo la normativa vigente, utilizzando materiale sterile e monouso<\/strong>. Chi pu\u00f2 donare il sangue? Pu\u00f2 donare il sangue ogni individuo sano, d&#8217;et\u00e0 compresa fra i 18 ed i 65 anni.<\/p>\n\n\n\n<p>E&#8217; gratuita e non pu\u00f2 essere remunerata in alcun modo.<\/p>\n","protected":false},"excerpt":{"rendered":"<p>\u00c8 la procedura attraverso la quale viene prelevato il sangue intero dal donatore idoneo alla donazione, secondo la normativa vigente, utilizzando materiale sterile e monouso. Chi pu\u00f2 donare il sangue? Pu\u00f2 donare il sangue ogni individuo sano, d&#8217;et\u00e0 compresa fra i 18 ed i 65 anni. E&#8217; gratuita e non pu\u00f2 essere remunerata in alcun [&hellip;]<\/p>\n","protected":false},"author":1,"featured_media":0,"parent":0,"menu_order":0,"comment_status":"closed","ping_status":"closed","template":"","meta":{"footnotes":""},"class_list":["post-123","page","type-page","status-publish","hentry"],"_links":{"self":[{"href":"https:\/\/www.avisperugia.it\/newsite\/wp-json\/wp\/v2\/pages\/123","targetHints":{"allow":["GET"]}}],"collection":[{"href":"https:\/\/www.avisperugia.it\/newsite\/wp-json\/wp\/v2\/pages"}],"about":[{"href":"https:\/\/www.avisperugia.it\/newsite\/wp-json\/wp\/v2\/types\/page"}],"author":[{"embeddable":true,"href":"https:\/\/www.avisperugia.it\/newsite\/wp-json\/wp\/v2\/users\/1"}],"replies":[{"embeddable":true,"href":"https:\/\/www.avisperugia.it\/newsite\/wp-json\/wp\/v2\/comments?post=123"}],"version-history":[{"count":1,"href":"https:\/\/www.avisperugia.it\/newsite\/wp-json\/wp\/v2\/pages\/123\/revisions"}],"predecessor-version":[{"id":124,"href":"https:\/\/www.avisperugia.it\/newsite\/wp-json\/wp\/v2\/pages\/123\/revisions\/124"}],"wp:attachment":[{"href":"https:\/\/www.avisperugia.it\/newsite\/wp-json\/wp\/v2\/media?parent=123"}],"curies":[{"name":"wp","href":"https:\/\/api.w.org\/{rel}","templated":true}]}}