{"id":109,"date":"2024-06-03T17:58:29","date_gmt":"2024-06-03T15:58:29","guid":{"rendered":"https:\/\/www.avisperugia.it\/newsite\/?page_id=109"},"modified":"2024-06-03T18:00:18","modified_gmt":"2024-06-03T16:00:18","slug":"statuto","status":"publish","type":"page","link":"https:\/\/www.avisperugia.it\/newsite\/statuto\/","title":{"rendered":"Statuto"},"content":{"rendered":"\n<p><strong>Chi aderisce ad una associazione come l\u2019AVIS spesso non ne conosce gli aspetti normativi, organizzativi, economici; si \u00e8 iscritto perch\u00e9 vuole donare il suo sangue anonimamente, gratuitamente e responsabilmente per chi ne ha bisogno, ignorando per\u00f2 quanto riguarda l\u2019attivit\u00e0 associativa.<\/strong><\/p>\n\n\n\n<p>Per regolarmente tutta una serie di attivit\u00e0 e procedure, l\u2019AVIS ha realizzato uno Statuto ed un Codice etico. Per facilitare il percorso formativo ai Soci che nutrono interesse ad approfondire anche questo aspetto dell\u2019associazione per cui donano il proprio sangue, abbiamo riportato sul nostro sito, lo statuto dell\u2019AVIS Comunale di Perugia.<\/p>\n\n\n\n<p><strong>La versione attualmente in uso \u00e8 stata implementata ed aggiornata nel corso dell\u2019Assemblea Straordinaria dei Soci tenutasi nel mese di Ottobre 2022.<\/strong><\/p>\n\n\n\n<p class=\"has-text-align-center\"><a href=\"https:\/\/www.avisperugia.it\/newsite\/wp-content\/uploads\/2024\/06\/Statuto_ult.vers_.2022.pdf\">VISUALIZZA LO STATUTO DI AVISCOMUNALE DI PERUGIA<\/a><\/p>\n","protected":false},"excerpt":{"rendered":"<p>Chi aderisce ad una associazione come l\u2019AVIS spesso non ne conosce gli aspetti normativi, organizzativi, economici; si \u00e8 iscritto perch\u00e9 vuole donare il suo sangue anonimamente, gratuitamente e responsabilmente per chi ne ha bisogno, ignorando per\u00f2 quanto riguarda l\u2019attivit\u00e0 associativa. Per regolarmente tutta una serie di attivit\u00e0 e procedure, l\u2019AVIS ha realizzato uno Statuto ed [&hellip;]<\/p>\n","protected":false},"author":1,"featured_media":0,"parent":0,"menu_order":0,"comment_status":"closed","ping_status":"closed","template":"","meta":{"footnotes":""},"class_list":["post-109","page","type-page","status-publish","hentry"],"_links":{"self":[{"href":"https:\/\/www.avisperugia.it\/newsite\/wp-json\/wp\/v2\/pages\/109","targetHints":{"allow":["GET"]}}],"collection":[{"href":"https:\/\/www.avisperugia.it\/newsite\/wp-json\/wp\/v2\/pages"}],"about":[{"href":"https:\/\/www.avisperugia.it\/newsite\/wp-json\/wp\/v2\/types\/page"}],"author":[{"embeddable":true,"href":"https:\/\/www.avisperugia.it\/newsite\/wp-json\/wp\/v2\/users\/1"}],"replies":[{"embeddable":true,"href":"https:\/\/www.avisperugia.it\/newsite\/wp-json\/wp\/v2\/comments?post=109"}],"version-history":[{"count":2,"href":"https:\/\/www.avisperugia.it\/newsite\/wp-json\/wp\/v2\/pages\/109\/revisions"}],"predecessor-version":[{"id":112,"href":"https:\/\/www.avisperugia.it\/newsite\/wp-json\/wp\/v2\/pages\/109\/revisions\/112"}],"wp:attachment":[{"href":"https:\/\/www.avisperugia.it\/newsite\/wp-json\/wp\/v2\/media?parent=109"}],"curies":[{"name":"wp","href":"https:\/\/api.w.org\/{rel}","templated":true}]}}