{"id":740,"date":"2020-05-11T18:14:09","date_gmt":"2020-05-11T16:14:09","guid":{"rendered":"https:\/\/www.avisperugia.it\/avisgiovaniperugia\/?page_id=740"},"modified":"2020-05-11T19:53:37","modified_gmt":"2020-05-11T17:53:37","slug":"informativa-privacy","status":"publish","type":"page","link":"https:\/\/www.avisperugia.it\/avisgiovaniperugia\/informativa-privacy\/","title":{"rendered":"Informativa Privacy"},"content":{"rendered":"<p><strong>INFORMATIVA E CONSENSO IN CONFORMIT\u00c0 AL REGOLAMENTO UE 2016\/679 E AL D.LGS 2018\/101 PER L\u2019ISCRIZIONE ALLA SEZIONE GIOVANILE DI AVIS COMUNALE DI PERUGIA<\/strong><\/p>\n<p><strong>\u00a0<\/strong><\/p>\n<p>Ai sensi dell\u2019art. 13 del Regolamento UE n. 2016\/679 e della normativa vigente, recante disposizioni a tutela delle persone e di altri soggetti rispetto al trattamento dei dati personali, desideriamo informarLa che i dati personali da Lei forniti formeranno oggetto di trattamento nel rispetto della normativa sopra richiamata e degli obblighi di riservatezza cui \u00e8 tenuta l\u2019Associazione. Inoltre, con riferimento alla domanda d\u2019iscrizione, precisiamo che ai sensi dello Statuto Nazionale ciascun associato a un\u2019Avis Locale diviene automaticamente socio anche delle sovra-ordinate Associazione Provinciale, Regionale e Nazionale che sono da considerarsi <em>de facto<\/em> autorizzate al trattamento. Quindi i suoi dati saranno utilizzati per la gestione del rapporto associativo in tutti i livelli indicati nella domanda di iscrizione. Le forniamo, inoltre, le seguenti informazioni:<\/p>\n<ol>\n<li><strong> Titolare del trattamento<\/strong><\/li>\n<\/ol>\n<p>Titolare del trattamento dei dati \u00e8 l\u2019AVIS &#8211; Associazione Volontari Italiani del Sangue \u2013 comunale di Perugia, via G.B. Pergolesi, 117 \u2013 06132 San Sisto &#8211; recapiti telefonici del Titolare del trattamento: 3357908343 &#8211; 347 2492230 \u2013 0755270347\u00a0\u00a0 nella persona del rappresentante legale pro tempore Fabrizio Rasimelli. .<\/p>\n<ol start=\"2\">\n<li><strong> Responsabile della protezione dei dati (DPO)<\/strong><\/li>\n<\/ol>\n<p>Il Responsabile della protezione per AVIS REGIONALE UMBRIA \u00e8 Gianluca De Martino contattabile all\u2019email tuteladati@avisumbria.it.<\/p>\n<ol start=\"3\">\n<li><strong> Finalit\u00e0 del trattamento e base giuridica<\/strong><\/li>\n<\/ol>\n<p>I Suoi dati personali saranno trattati, come da nostro Statuto (articoli. 2, 3 e 4) e Codice Etico, per le seguenti finalit\u00e0:<\/p>\n<ol>\n<li>a) consentire e gestire la Sua adesione\/iscrizione (anche mediante inserimento nelle anagrafiche e nei database informatici dell\u2019Associazione);<\/li>\n<li>b) programmare e gestire le attivit\u00e0 relative a donazione\/raccolta di sangue e plasma con riferimento al controllo dell\u2019idoneit\u00e0, alla Sua reperibilit\u00e0 e alla conservazione dei dati clinici ai sensi di legge, ove applicabili;<\/li>\n<li>c) adempimento di obblighi di legge e\/o di regolamenti e rispetto procedure amministrative interne;<\/li>\n<li>d) convocazione alla donazione, mediante chiamata telefonica o invio di messaggio multimediale (SMS, Whatsapp, ecc.), effettuata da personale incaricato e autorizzato.<\/li>\n<\/ol>\n<p>La base giuridica per le suddette attivit\u00e0 di trattamento dei Suoi dati personali \u00e8 il diretto espletamento delle finalit\u00e0 determinate e legittime individuate dallo Statuto, da leggi e regolamenti.<\/p>\n<p>Solo previo e specifico consenso, per le seguenti finalit\u00e0:<\/p>\n<ol>\n<li>e) invio di materiale informativo dell\u2019Associazione e di comunicazioni (ivi comprese le newsletter);<\/li>\n<li>f) produzione e diffusione di materiale pubblicitario e promozionale dell\u2019Associazione con video e grafiche in cui appaia la Sua immagine. La base giuridica per le suddette attivit\u00e0 di trattamento \u00e8 il consenso da Lei liberamente prestato per una o pi\u00f9 finalit\u00e0 specifiche. In particolare, i trattamenti di cui alla lettera e) sono effettuati sulla base del legittimo interesse del Titolare di rendere il rapporto con il socio pi\u00f9 trasparente, efficace e duraturo attraverso l\u2019invio d\u2019informazioni specifiche sulle particolari attivit\u00e0, progetti gi\u00e0 sostenuti, sulle iniziative e sulle necessit\u00e0 pi\u00f9 urgenti dei progetti in fase di avvio o di sviluppo. Il socio pu\u00f2 chiedere in qualsiasi momento di non ricevere pi\u00f9 tale tipologia di comunicazione.<\/li>\n<\/ol>\n<p>N.B. I dati a fini statistici e storici saranno trattati solo in modo anonimo.<\/p>\n<ol start=\"4\">\n<li><strong> Modalit\u00e0 del trattamento<\/strong><\/li>\n<\/ol>\n<p>Il trattamento dei dati avverr\u00e0 sia con mezzi informatici sia con supporti cartacei e verr\u00e0 gestito direttamente dalla scrivente Associazione con l\u2019ausilio di collaboratori a ci\u00f2 specificatamente autorizzati ai sensi di legge. Potranno inoltre venire a conoscenza dei suoi dati le strutture direttive dell\u2019Associazione cui aderisce.<\/p>\n<ol start=\"5\">\n<li><strong> Categorie particolari di dati personali<\/strong><\/li>\n<\/ol>\n<p>Il trattamento pu\u00f2 riguardare anche dati appartenenti a \u201ccategorie particolari di dati personali\u201d (ex dati \u201csensibili\u201d), cio\u00e8 dati idonei a rivelare, a mero titolo di esempio, il suo stato di salute. Il trattamento comprender\u00e0, nel rispetto dei limiti e delle condizioni posti dalla normativa comunitaria e nazionale, tutte le operazioni o complesso di operazioni necessarie al trattamento in questione in conformit\u00e0 alle autorizzazioni, anche in forma generale, del Garante per la protezione dei dati personali, ove rinnovate.<\/p>\n<ol start=\"6\">\n<li><strong> Destinatari dei dati<\/strong><\/li>\n<\/ol>\n<p>Per le predette finalit\u00e0 e nell\u2019ambito delle stesse, i dati potranno essere comunicati alle strutture sanitarie di ogni livello e alle strutture AVIS che per particolari esigenze ne facciano richiesta. Inoltre, i dati, raccolti in sede locale, potranno essere comunicati alle Associazioni AVIS provinciali, regionali o nazionali in base agli obblighi statutari. I Suoi dati personali non sono oggetto di diffusione. L\u2019eventuale comunicazione ai destinatari di cui sopra sar\u00e0 condizionata da regole specifiche.<\/p>\n<ol start=\"7\">\n<li><strong> Trasferimento dei dati<\/strong><\/li>\n<\/ol>\n<p>Il titolare non intende trasferire dati personali in un Paese terzo o a organizzazioni internazionali.<\/p>\n<ol start=\"8\">\n<li><strong> Periodo di conservazione<\/strong><\/li>\n<\/ol>\n<p>I Suoi dati personali sono conservati per un periodo di tempo non superiore a quello necessario per il conseguimento delle finalit\u00e0 per le quali sono raccolti e trattati o per quelli previsti per legge. In particolare, informiamo che, anche ai fini della tutela della salute collettiva, la legge impone di raccogliere e conservare i dati anagrafici e sanitari dei donatori e consentire il tracciamento delle donazioni per trenta anni.<\/p>\n<ol start=\"9\">\n<li><strong> Natura obbligatoria o facoltativa del conferimento dei dati e conseguenze di un eventuale rifiuto<\/strong><\/li>\n<\/ol>\n<p>La natura del conferimento dei dati \u00e8 obbligatoria per le finalit\u00e0 previste al paragrafo 3 alle lettere a), b) c) e d). Il mancato conferimento comporter\u00e0 l\u2019impossibilit\u00e0 di costituire o proseguire il rapporto con le Associazioni titolari o autorizzate al trattamento ed effettuare donazioni di sangue nel contesto associativo. Il conferimento dei dati personali \u00e8 facoltativo per le finalit\u00e0 previste al paragrafo 3 alle lettere e) ed f) e non preclude l\u2019adesione dell\u2019Interessato all\u2019Associazione e\/o la donazione di sangue nel contesto associativo.<\/p>\n<ol start=\"10\">\n<li><strong> Esistenza di un processo decisionale automatizzato<\/strong><\/li>\n<\/ol>\n<p>Il Titolare pu\u00f2 adottare processi decisionali automatizzati, compresa la profilazione, nel rispetto dei dettati del Regolamento UE n. 679\/2016 e ss.<\/p>\n<ol start=\"11\">\n<li><strong> Diritto di accesso ai dati personali e altri diritti<\/strong><\/li>\n<li>L\u2019interessato ha diritto di ottenere la conferma dell\u2019esistenza o meno di dati personali che lo riguardano, anche se non ancora registrati, e la loro comunicazione in forma intelligibile.<\/li>\n<li>L\u2019interessato ha diritto di ottenere:<\/li>\n<li>a) l\u2019aggiornamento, la rettifica e l\u2019integrazione dei dati;<\/li>\n<li>b) la cancellazione, la trasformazione in forma anonima o il blocco dei dati trattati in violazione di legge, compresi quelli di cui non \u00e8 necessaria la conservazione in relazione agli scopi per i quali i dati sono stati raccolti o successivamente trattati;<\/li>\n<li>c) l\u2019attestazione che le operazioni di cui alle lettere a) e b) sono state portate a conoscenza, anche per quanto riguarda il loro contenuto, di coloro ai quali i dati sono stati comunicati o diffusi, eccettuato il caso in cui tale adempimento si rivela impossibile o comporta un impiego di mezzi manifestamente sproporzionato rispetto al diritto tutelato.<\/li>\n<li>L\u2019interessato ha diritto di opporsi, in tutto o in parte:<\/li>\n<li>a) per motivi legittimi al trattamento dei dati personali che lo riguardano, ancorch\u00e9 pertinenti allo scopo della raccolta;<\/li>\n<li>b) al trattamento di dati personali che lo riguardano a fini dell\u2019invio di materiale pubblicitario o di vendita diretta o per il compimento di ricerche di mercato o di comunicazione commerciale.<\/li>\n<li>L\u2019interessato ha diritto alla portabilit\u00e0 dei propri dati e a proporre reclamo all\u2019autorit\u00e0 Garante per la protezione dei dati personali, con sede in piazza Monte Citorio in Roma.<\/li>\n<\/ol>\n","protected":false},"excerpt":{"rendered":"<p>INFORMATIVA E CONSENSO IN CONFORMIT\u00c0 AL REGOLAMENTO UE 2016\/679 E AL D.LGS 2018\/101 PER L\u2019ISCRIZIONE ALLA SEZIONE GIOVANILE DI AVIS COMUNALE DI PERUGIA \u00a0 Ai sensi dell\u2019art. 13 del Regolamento&hellip; <br \/> <a class=\"read-more\" href=\"https:\/\/www.avisperugia.it\/avisgiovaniperugia\/informativa-privacy\/\">Leggi tutto<\/a><\/p>\n","protected":false},"author":1,"featured_media":0,"parent":0,"menu_order":0,"comment_status":"closed","ping_status":"closed","template":"","meta":[],"_links":{"self":[{"href":"https:\/\/www.avisperugia.it\/avisgiovaniperugia\/wp-json\/wp\/v2\/pages\/740"}],"collection":[{"href":"https:\/\/www.avisperugia.it\/avisgiovaniperugia\/wp-json\/wp\/v2\/pages"}],"about":[{"href":"https:\/\/www.avisperugia.it\/avisgiovaniperugia\/wp-json\/wp\/v2\/types\/page"}],"author":[{"embeddable":true,"href":"https:\/\/www.avisperugia.it\/avisgiovaniperugia\/wp-json\/wp\/v2\/users\/1"}],"replies":[{"embeddable":true,"href":"https:\/\/www.avisperugia.it\/avisgiovaniperugia\/wp-json\/wp\/v2\/comments?post=740"}],"version-history":[{"count":2,"href":"https:\/\/www.avisperugia.it\/avisgiovaniperugia\/wp-json\/wp\/v2\/pages\/740\/revisions"}],"predecessor-version":[{"id":761,"href":"https:\/\/www.avisperugia.it\/avisgiovaniperugia\/wp-json\/wp\/v2\/pages\/740\/revisions\/761"}],"wp:attachment":[{"href":"https:\/\/www.avisperugia.it\/avisgiovaniperugia\/wp-json\/wp\/v2\/media?parent=740"}],"curies":[{"name":"wp","href":"https:\/\/api.w.org\/{rel}","templated":true}]}}