{"id":1407,"date":"2021-04-26T19:49:26","date_gmt":"2021-04-26T17:49:26","guid":{"rendered":"https:\/\/www.avisperugia.it\/avisgiovaniperugia\/?page_id=1407"},"modified":"2021-04-26T19:51:43","modified_gmt":"2021-04-26T17:51:43","slug":"incontri-con-le-scuole","status":"publish","type":"page","link":"https:\/\/www.avisperugia.it\/avisgiovaniperugia\/incontri-con-le-scuole\/","title":{"rendered":"Incontri con le scuole"},"content":{"rendered":"\t\t<div data-elementor-type=\"wp-page\" data-elementor-id=\"1407\" class=\"elementor elementor-1407\" data-elementor-settings=\"[]\">\n\t\t\t\t\t\t<div class=\"elementor-inner\">\n\t\t\t\t\t\t\t<div class=\"elementor-section-wrap\">\n\t\t\t\t\t\t\t<section class=\"elementor-section elementor-top-section elementor-element elementor-element-4abf4cf elementor-section-boxed elementor-section-height-default elementor-section-height-default\" data-id=\"4abf4cf\" data-element_type=\"section\">\n\t\t\t\t\t\t<div class=\"elementor-container elementor-column-gap-default\">\n\t\t\t\t\t\t\t<div class=\"elementor-row\">\n\t\t\t\t\t<div class=\"elementor-column elementor-col-100 elementor-top-column elementor-element elementor-element-d3fa2e8\" data-id=\"d3fa2e8\" data-element_type=\"column\">\n\t\t\t<div class=\"elementor-column-wrap elementor-element-populated\">\n\t\t\t\t\t\t\t<div class=\"elementor-widget-wrap\">\n\t\t\t\t\t\t<div class=\"elementor-element elementor-element-8abd4b4 elementor-widget elementor-widget-heading\" data-id=\"8abd4b4\" data-element_type=\"widget\" data-widget_type=\"heading.default\">\n\t\t\t\t<div class=\"elementor-widget-container\">\n\t\t\t<h2 class=\"elementor-heading-title elementor-size-default\">Incontri con gli alunni e le alunne delle scuole perugine<\/h2>\t\t<\/div>\n\t\t\t\t<\/div>\n\t\t\t\t\t\t<\/div>\n\t\t\t\t\t<\/div>\n\t\t<\/div>\n\t\t\t\t\t\t\t\t<\/div>\n\t\t\t\t\t<\/div>\n\t\t<\/section>\n\t\t\t\t<section class=\"elementor-section elementor-top-section elementor-element elementor-element-7fc8450 elementor-section-boxed elementor-section-height-default elementor-section-height-default\" data-id=\"7fc8450\" data-element_type=\"section\">\n\t\t\t\t\t\t<div class=\"elementor-container elementor-column-gap-default\">\n\t\t\t\t\t\t\t<div class=\"elementor-row\">\n\t\t\t\t\t<div class=\"elementor-column elementor-col-100 elementor-top-column elementor-element elementor-element-803c04b\" data-id=\"803c04b\" data-element_type=\"column\">\n\t\t\t<div class=\"elementor-column-wrap elementor-element-populated\">\n\t\t\t\t\t\t\t<div class=\"elementor-widget-wrap\">\n\t\t\t\t\t\t<div class=\"elementor-element elementor-element-5cf81b4 elementor-widget elementor-widget-spacer\" data-id=\"5cf81b4\" data-element_type=\"widget\" data-widget_type=\"spacer.default\">\n\t\t\t\t<div class=\"elementor-widget-container\">\n\t\t\t\t\t<div class=\"elementor-spacer\">\n\t\t\t<div class=\"elementor-spacer-inner\"><\/div>\n\t\t<\/div>\n\t\t\t\t<\/div>\n\t\t\t\t<\/div>\n\t\t\t\t<div class=\"elementor-element elementor-element-807213c elementor-widget elementor-widget-text-editor\" data-id=\"807213c\" data-element_type=\"widget\" data-widget_type=\"text-editor.default\">\n\t\t\t\t<div class=\"elementor-widget-container\">\n\t\t\t\t\t<div class=\"elementor-text-editor elementor-clearfix\"><div><p class=\"Standard\" align=\"center\"><span class=\"Carpredefinitoparagrafo\"><span lang=\"IT\">Durante l\u2019anno scolastico, nonostante l\u2019attivit\u00e0 didattica si sia svolta per la maggior parte del tempo in modalit\u00e0 a distanza, Avis non poteva non continuare a far conoscere la propria realt\u00e0 anche ai pi\u00f9 giovani: \u00e8 per questo motivo che il Gruppo di AVIS Giovani, insieme ad alcuni membri del Consiglio Comunale AVIS e ad altri del progetto Doniamoci, ha incontrato in via telematica studenti e professori di alcune classi quinte di diverse scuole di secondo grado del territorio perugino.<\/span><\/span><\/p><\/div><div><p class=\"Standard\" align=\"center\"><span lang=\"IT\">\u00a0<\/span><\/p><\/div><div><p class=\"Standard\" align=\"center\"><span lang=\"IT\">Tramite la proiezione di video e l\u2019utilizzo della piattaforma Kahoot i nostri volontari hanno continuato quindi a promuovere la cultura del dono e ad informare gli studenti sui progetti passati e futuri eventi in fase di organizzazione, sensibilizzando e allo stesso tempo intrattenendo i giovani ascoltatori.<\/span><\/p><\/div><div><p class=\"Standard\" align=\"center\"><span lang=\"IT\">\u00a0<\/span><\/p><\/div><div><p class=\"Standard\" align=\"center\"><span lang=\"IT\">Inoltre alla fine di ogni presentazione si \u00e8 lasciato spazio per un confronto in cui i ragazzi hanno potuto esporre i propri dubbi e quesiti riguardanti sia la donazione che il volontariato in generale.<\/span><\/p><\/div><\/div>\n\t\t\t\t<\/div>\n\t\t\t\t<\/div>\n\t\t\t\t\t\t<\/div>\n\t\t\t\t\t<\/div>\n\t\t<\/div>\n\t\t\t\t\t\t\t\t<\/div>\n\t\t\t\t\t<\/div>\n\t\t<\/section>\n\t\t\t\t<section class=\"elementor-section elementor-top-section elementor-element elementor-element-dccc48c elementor-section-boxed elementor-section-height-default elementor-section-height-default\" data-id=\"dccc48c\" data-element_type=\"section\">\n\t\t\t\t\t\t<div class=\"elementor-container elementor-column-gap-default\">\n\t\t\t\t\t\t\t<div class=\"elementor-row\">\n\t\t\t\t\t<div class=\"elementor-column elementor-col-100 elementor-top-column elementor-element elementor-element-201bed7\" data-id=\"201bed7\" data-element_type=\"column\">\n\t\t\t<div class=\"elementor-column-wrap elementor-element-populated\">\n\t\t\t\t\t\t\t<div class=\"elementor-widget-wrap\">\n\t\t\t\t\t\t<div class=\"elementor-element elementor-element-48e2789 elementor-widget elementor-widget-shortcode\" data-id=\"48e2789\" data-element_type=\"widget\" data-widget_type=\"shortcode.default\">\n\t\t\t\t<div class=\"elementor-widget-container\">\n\t\t\t\t\t<div class=\"elementor-shortcode\"><div class=\"n2-section-smartslider\"><style>div#n2-ss-20{width:1200px;float:left;margin:0px 0px 0px 0px;}html[dir=\"rtl\"] div#n2-ss-20{float:right;}div#n2-ss-20 .n2-ss-slider-1{position:relative;padding-top:0px;padding-right:0px;padding-bottom:0px;padding-left:0px;height:500px;border-style:solid;border-width:0px;border-color:#3e3e3e;border-color:RGBA(62,62,62,1);border-radius:0px;background-clip:padding-box;background-repeat:repeat;background-position:50% 50%;background-size:cover;background-attachment:scroll;}div#n2-ss-20 .n2-ss-slider-background-video-container{position:absolute;left:0;top:0;width:100%;height:100%;overflow:hidden;}div#n2-ss-20 .n2-ss-slider-2{position:relative;width:100%;height:100%;}.x-firefox div#n2-ss-20 .n2-ss-slider-2{opacity:0.99999;}div#n2-ss-20 .n2-ss-slider-3{position:relative;width:100%;height:100%;overflow:hidden;outline:1px solid rgba(0,0,0,0);z-index:10;}div#n2-ss-20 .n2-ss-slide-backgrounds,div#n2-ss-20 .n2-ss-slider-3 > .n-particles-js-canvas-el,div#n2-ss-20 .n2-ss-slider-3 > .n2-ss-divider{position:absolute;left:0;top:0;width:100%;height:100%;}div#n2-ss-20 .n2-ss-slide-backgrounds{z-index:10;}div#n2-ss-20 .n2-ss-slider-3 > .n-particles-js-canvas-el{z-index:12;}div#n2-ss-20 .n2-ss-slide-backgrounds > *{overflow:hidden;}div#n2-ss-20 .n2-ss-slide{position:absolute;top:0;left:0;width:100%;height:100%;z-index:20;display:block;-webkit-backface-visibility:hidden;}div#n2-ss-20 .n2-ss-layers-container{position:relative;width:1200px;height:500px;}div#n2-ss-20 .n2-ss-parallax-clip > .n2-ss-layers-container{position:absolute;right:0;}div#n2-ss-20 .n2-ss-slide{-webkit-perspective:1500px;perspective:1500px;}div#n2-ss-20[data-ie] .n2-ss-slide{-webkit-perspective:none;perspective:none;-webkit-transform:perspective(1500px);transform:perspective(1500px);}div#n2-ss-20 .n2-ss-slide-active{z-index:21;}div#n2-ss-20 .nextend-arrow{cursor:pointer;overflow:hidden;line-height:0 !important;z-index:20;}div#n2-ss-20 .nextend-arrow img{position:relative;min-height:0;min-width:0;vertical-align:top;width:auto;height:auto;max-width:100%;max-height:100%;display:inline;}div#n2-ss-20 .nextend-arrow img.n2-arrow-hover-img{display:none;}div#n2-ss-20 .nextend-arrow:HOVER img.n2-arrow-hover-img{display:inline;}div#n2-ss-20 .nextend-arrow:HOVER img.n2-arrow-normal-img{display:none;}div#n2-ss-20 .nextend-arrow-animated{overflow:hidden;}div#n2-ss-20 .nextend-arrow-animated > div{position:relative;}div#n2-ss-20 .nextend-arrow-animated .n2-active{position:absolute;}div#n2-ss-20 .nextend-arrow-animated-fade{transition:background 0.3s, opacity 0.4s;}div#n2-ss-20 .nextend-arrow-animated-horizontal > div{transition:all 0.4s;left:0;}div#n2-ss-20 .nextend-arrow-animated-horizontal .n2-active{top:0;}div#n2-ss-20 .nextend-arrow-previous.nextend-arrow-animated-horizontal:HOVER > div,div#n2-ss-20 .nextend-arrow-next.nextend-arrow-animated-horizontal .n2-active{left:-100%;}div#n2-ss-20 .nextend-arrow-previous.nextend-arrow-animated-horizontal .n2-active,div#n2-ss-20 .nextend-arrow-next.nextend-arrow-animated-horizontal:HOVER > div{left:100%;}div#n2-ss-20 .nextend-arrow.nextend-arrow-animated-horizontal:HOVER .n2-active{left:0;}div#n2-ss-20 .nextend-arrow-animated-vertical > div{transition:all 0.4s;top:0;}div#n2-ss-20 .nextend-arrow-animated-vertical .n2-active{left:0;}div#n2-ss-20 .nextend-arrow-animated-vertical .n2-active{top:-100%;}div#n2-ss-20 .nextend-arrow-animated-vertical:HOVER > div{top:100%;}div#n2-ss-20 .nextend-arrow-animated-vertical:HOVER .n2-active{top:0;}<\/style><div id=\"n2-ss-20-align\" class=\"n2-ss-align\"><div class=\"n2-padding\"><div id=\"n2-ss-20\" data-creator=\"Smart Slider 3\" class=\"n2-ss-slider n2-ow n2-has-hover n2notransition n2-ss-load-fade \" data-minFontSizedesktopPortrait=\"4\" data-minFontSizedesktopLandscape=\"4\" data-minFontSizetabletPortrait=\"4\" data-minFontSizetabletLandscape=\"4\" data-minFontSizemobilePortrait=\"4\" data-minFontSizemobileLandscape=\"4\" style=\"font-size: 16px;\" data-fontsize=\"16\">\r\n        <div class=\"n2-ss-slider-1 n2-ss-swipe-element n2-ow\" style=\"\">\r\n                        <div class=\"n2-ss-slider-2 n2-ow\">\r\n                                <div class=\"n2-ss-slider-3 n2-ow\" style=\"\">\r\n\r\n                    <div class=\"n2-ss-slide-backgrounds\"><\/div><div data-first=\"1\" data-slide-duration=\"0\" data-id=\"163\" style=\"\" class=\" n2-ss-slide n2-ss-canvas n2-ow  n2-ss-slide-163\"><div class=\"n2-ss-slide-background n2-ow\" data-mode=\"blurfit\"><img data-hash=\"0f04550e0f8fee7b5050fbf673b75b31\" data-desktop=\"\/\/www.avisperugia.it\/avisgiovaniperugia\/wp-content\/uploads\/2021\/04\/Screenshot-2021-04-26-at-18.59.36.png\" data-blur=\"0\" data-opacity=\"100\" data-x=\"50\" data-y=\"50\" src=\"\/\/www.avisperugia.it\/avisgiovaniperugia\/wp-content\/uploads\/2021\/04\/Screenshot-2021-04-26-at-18.59.36.png\" alt=\"\" \/><\/div><div class=\"n2-ss-layers-container n2-ow\" data-csstextalign=\"center\" style=\"\"><\/div><\/div><div data-slide-duration=\"0\" data-id=\"164\" style=\"\" class=\" n2-ss-slide n2-ss-canvas n2-ow  n2-ss-slide-164\"><div class=\"n2-ss-slide-background n2-ow\" data-mode=\"blurfit\"><img data-hash=\"7755ff2f6e2c0f12e44a8885c0e874c1\" data-desktop=\"\/\/www.avisperugia.it\/avisgiovaniperugia\/wp-content\/uploads\/2021\/04\/Screenshot-2021-04-26-at-18.59.49.png\" data-blur=\"0\" data-opacity=\"100\" data-x=\"50\" data-y=\"50\" src=\"\/\/www.avisperugia.it\/avisgiovaniperugia\/wp-content\/uploads\/2021\/04\/Screenshot-2021-04-26-at-18.59.49.png\" alt=\"\" \/><\/div><div class=\"n2-ss-layers-container n2-ow\" data-csstextalign=\"center\" style=\"\"><\/div><\/div><div data-slide-duration=\"0\" data-id=\"165\" style=\"\" class=\" n2-ss-slide n2-ss-canvas n2-ow  n2-ss-slide-165\"><div class=\"n2-ss-slide-background n2-ow\" data-mode=\"blurfit\"><img data-hash=\"76b0a806958f6471fc39cb4557610a68\" data-desktop=\"\/\/www.avisperugia.it\/avisgiovaniperugia\/wp-content\/uploads\/2021\/04\/Screenshot-2021-04-26-at-19.00.07.png\" data-blur=\"0\" data-opacity=\"100\" data-x=\"50\" data-y=\"50\" src=\"\/\/www.avisperugia.it\/avisgiovaniperugia\/wp-content\/uploads\/2021\/04\/Screenshot-2021-04-26-at-19.00.07.png\" alt=\"\" \/><\/div><div class=\"n2-ss-layers-container n2-ow\" data-csstextalign=\"center\" style=\"\"><\/div><\/div><div data-slide-duration=\"0\" data-id=\"166\" style=\"\" class=\" n2-ss-slide n2-ss-canvas n2-ow  n2-ss-slide-166\"><div class=\"n2-ss-slide-background n2-ow\" data-mode=\"blurfit\"><img data-hash=\"2df7fc4f923704020b0526a2868d6daf\" data-desktop=\"\/\/www.avisperugia.it\/avisgiovaniperugia\/wp-content\/uploads\/2021\/04\/Screenshot-2021-04-26-at-19.00.27.png\" data-blur=\"0\" data-opacity=\"100\" data-x=\"50\" data-y=\"50\" src=\"\/\/www.avisperugia.it\/avisgiovaniperugia\/wp-content\/uploads\/2021\/04\/Screenshot-2021-04-26-at-19.00.27.png\" alt=\"\" \/><\/div><div class=\"n2-ss-layers-container n2-ow\" data-csstextalign=\"center\" style=\"\"><\/div><\/div><div data-slide-duration=\"0\" data-id=\"167\" style=\"\" class=\" n2-ss-slide n2-ss-canvas n2-ow  n2-ss-slide-167\"><div class=\"n2-ss-slide-background n2-ow\" data-mode=\"blurfit\"><img data-hash=\"78f58fb4afe18a877a2832291b98d14d\" data-desktop=\"\/\/www.avisperugia.it\/avisgiovaniperugia\/wp-content\/uploads\/2021\/04\/Screenshot-2021-04-26-at-19.01.21.png\" data-blur=\"0\" data-opacity=\"100\" data-x=\"50\" data-y=\"50\" src=\"\/\/www.avisperugia.it\/avisgiovaniperugia\/wp-content\/uploads\/2021\/04\/Screenshot-2021-04-26-at-19.01.21.png\" alt=\"\" \/><\/div><div class=\"n2-ss-layers-container n2-ow\" data-csstextalign=\"center\" style=\"\"><\/div><\/div><div data-slide-duration=\"0\" data-id=\"168\" style=\"\" class=\" n2-ss-slide n2-ss-canvas n2-ow  n2-ss-slide-168\"><div class=\"n2-ss-slide-background n2-ow\" data-mode=\"blurfit\"><img data-hash=\"f3f53668840cf0efc084697a0757aab5\" data-desktop=\"\/\/www.avisperugia.it\/avisgiovaniperugia\/wp-content\/uploads\/2021\/04\/Screenshot-2021-04-26-at-19.01.51.png\" data-blur=\"0\" data-opacity=\"100\" data-x=\"50\" data-y=\"50\" src=\"\/\/www.avisperugia.it\/avisgiovaniperugia\/wp-content\/uploads\/2021\/04\/Screenshot-2021-04-26-at-19.01.51.png\" alt=\"\" \/><\/div><div class=\"n2-ss-layers-container n2-ow\" data-csstextalign=\"center\" style=\"\"><\/div><\/div><div data-slide-duration=\"0\" data-id=\"169\" style=\"\" class=\" n2-ss-slide n2-ss-canvas n2-ow  n2-ss-slide-169\"><div class=\"n2-ss-slide-background n2-ow\" data-mode=\"blurfit\"><img data-hash=\"7a5d208252ce2419f3cb29d7081767c9\" data-desktop=\"\/\/www.avisperugia.it\/avisgiovaniperugia\/wp-content\/uploads\/2021\/04\/Screenshot-2021-04-26-at-19.02.06.png\" data-blur=\"0\" data-opacity=\"100\" data-x=\"50\" data-y=\"50\" src=\"\/\/www.avisperugia.it\/avisgiovaniperugia\/wp-content\/uploads\/2021\/04\/Screenshot-2021-04-26-at-19.02.06.png\" alt=\"\" \/><\/div><div class=\"n2-ss-layers-container n2-ow\" data-csstextalign=\"center\" style=\"\"><\/div><\/div>                <\/div>\r\n            <\/div>\r\n            <div data-ssleft=\"0+15\" data-sstop=\"height\/2-previousheight\/2\" id=\"n2-ss-20-arrow-previous\" class=\"n2-ss-widget n2-ss-widget-display-desktop n2-ss-widget-display-tablet n2-ss-widget-display-mobile nextend-arrow n2-ow nextend-arrow-previous  nextend-arrow-animated-fade n2-ib\" style=\"position: absolute;\" role=\"button\" aria-label=\"Previous slide\" tabindex=\"0\"><img class=\"n2-ow\" data-no-lazy=\"1\" data-hack=\"data-lazy-src\" src=\"data:image\/svg+xml;base64,PHN2ZyB3aWR0aD0iMzIiIGhlaWdodD0iMzIiIHZpZXdCb3g9IjAgMCAzMiAzMiIgeG1sbnM9Imh0dHA6Ly93d3cudzMub3JnLzIwMDAvc3ZnIj48cGF0aCBkPSJNMTEuNDMzIDE1Ljk5MkwyMi42OSA1LjcxMmMuMzkzLS4zOS4zOTMtMS4wMyAwLTEuNDItLjM5My0uMzktMS4wMy0uMzktMS40MjMgMGwtMTEuOTggMTAuOTRjLS4yMS4yMS0uMy40OS0uMjg1Ljc2LS4wMTUuMjguMDc1LjU2LjI4NC43N2wxMS45OCAxMC45NGMuMzkzLjM5IDEuMDMuMzkgMS40MjQgMCAuMzkzLS40LjM5My0xLjAzIDAtMS40MmwtMTEuMjU3LTEwLjI5IiBmaWxsPSIjZmZmZmZmIiBvcGFjaXR5PSIwLjgiIGZpbGwtcnVsZT0iZXZlbm9kZCIvPjwvc3ZnPg==\" alt=\"previous arrow\" \/><\/div>\n<div data-ssright=\"0+15\" data-sstop=\"height\/2-nextheight\/2\" id=\"n2-ss-20-arrow-next\" class=\"n2-ss-widget n2-ss-widget-display-desktop n2-ss-widget-display-tablet n2-ss-widget-display-mobile nextend-arrow n2-ow nextend-arrow-next  nextend-arrow-animated-fade n2-ib\" style=\"position: absolute;\" role=\"button\" aria-label=\"Next slide\" tabindex=\"0\"><img class=\"n2-ow\" data-no-lazy=\"1\" data-hack=\"data-lazy-src\" src=\"data:image\/svg+xml;base64,PHN2ZyB3aWR0aD0iMzIiIGhlaWdodD0iMzIiIHZpZXdCb3g9IjAgMCAzMiAzMiIgeG1sbnM9Imh0dHA6Ly93d3cudzMub3JnLzIwMDAvc3ZnIj48cGF0aCBkPSJNMTAuNzIyIDQuMjkzYy0uMzk0LS4zOS0xLjAzMi0uMzktMS40MjcgMC0uMzkzLjM5LS4zOTMgMS4wMyAwIDEuNDJsMTEuMjgzIDEwLjI4LTExLjI4MyAxMC4yOWMtLjM5My4zOS0uMzkzIDEuMDIgMCAxLjQyLjM5NS4zOSAxLjAzMy4zOSAxLjQyNyAwbDEyLjAwNy0xMC45NGMuMjEtLjIxLjMtLjQ5LjI4NC0uNzcuMDE0LS4yNy0uMDc2LS41NS0uMjg2LS43NkwxMC43MiA0LjI5M3oiIGZpbGw9IiNmZmZmZmYiIG9wYWNpdHk9IjAuOCIgZmlsbC1ydWxlPSJldmVub2RkIi8+PC9zdmc+\" alt=\"next arrow\" \/><\/div>\n        <\/div>\r\n        <\/div><div class=\"n2-clear\"><\/div><div id=\"n2-ss-20-spinner\" style=\"display: none;\"><div><div class=\"n2-ss-spinner-simple-white-container\"><div class=\"n2-ss-spinner-simple-white\"><\/div><\/div><\/div><\/div><\/div><\/div><div id=\"n2-ss-20-placeholder\" style=\"position: relative;z-index:2;background-color:RGBA(0,0,0,0);max-height:3000px; background-color:RGBA(255,255,255,0);\"><img style=\"width: 100%; max-width:3000px; display: block;opacity:0;\" class=\"n2-ow\" src=\"data:image\/svg+xml;base64,PHN2ZyB4bWxucz0iaHR0cDovL3d3dy53My5vcmcvMjAwMC9zdmciIHZlcnNpb249IjEuMCIgd2lkdGg9IjEyMDAiIGhlaWdodD0iNTAwIiA+PC9zdmc+\" alt=\"Slider\" \/><\/div><\/div><\/div>\n\t\t\t\t<\/div>\n\t\t\t\t<\/div>\n\t\t\t\t\t\t<\/div>\n\t\t\t\t\t<\/div>\n\t\t<\/div>\n\t\t\t\t\t\t\t\t<\/div>\n\t\t\t\t\t<\/div>\n\t\t<\/section>\n\t\t\t\t\t\t<\/div>\n\t\t\t\t\t\t<\/div>\n\t\t\t\t\t<\/div>\n\t\t","protected":false},"excerpt":{"rendered":"<p>Incontri con gli alunni e le alunne delle scuole perugine Durante l\u2019anno scolastico, nonostante l\u2019attivit\u00e0 didattica si sia svolta per la maggior parte del tempo in modalit\u00e0 a distanza, Avis&hellip; <br \/> <a class=\"read-more\" href=\"https:\/\/www.avisperugia.it\/avisgiovaniperugia\/incontri-con-le-scuole\/\">Leggi tutto<\/a><\/p>\n","protected":false},"author":53,"featured_media":0,"parent":0,"menu_order":0,"comment_status":"closed","ping_status":"closed","template":"","meta":[],"_links":{"self":[{"href":"https:\/\/www.avisperugia.it\/avisgiovaniperugia\/wp-json\/wp\/v2\/pages\/1407"}],"collection":[{"href":"https:\/\/www.avisperugia.it\/avisgiovaniperugia\/wp-json\/wp\/v2\/pages"}],"about":[{"href":"https:\/\/www.avisperugia.it\/avisgiovaniperugia\/wp-json\/wp\/v2\/types\/page"}],"author":[{"embeddable":true,"href":"https:\/\/www.avisperugia.it\/avisgiovaniperugia\/wp-json\/wp\/v2\/users\/53"}],"replies":[{"embeddable":true,"href":"https:\/\/www.avisperugia.it\/avisgiovaniperugia\/wp-json\/wp\/v2\/comments?post=1407"}],"version-history":[{"count":3,"href":"https:\/\/www.avisperugia.it\/avisgiovaniperugia\/wp-json\/wp\/v2\/pages\/1407\/revisions"}],"predecessor-version":[{"id":1410,"href":"https:\/\/www.avisperugia.it\/avisgiovaniperugia\/wp-json\/wp\/v2\/pages\/1407\/revisions\/1410"}],"wp:attachment":[{"href":"https:\/\/www.avisperugia.it\/avisgiovaniperugia\/wp-json\/wp\/v2\/media?parent=1407"}],"curies":[{"name":"wp","href":"https:\/\/api.w.org\/{rel}","templated":true}]}}